{"id":124,"date":"2018-03-07T16:02:20","date_gmt":"2018-03-07T16:02:20","guid":{"rendered":"http:\/\/www.onalza.com\/?page_id=124"},"modified":"2019-07-25T12:32:55","modified_gmt":"2019-07-25T10:32:55","slug":"seleccion-de-personal-2","status":"publish","type":"page","link":"https:\/\/www.onalza.com\/index.php\/seleccion-de-personal-2\/","title":{"rendered":"Selecci\u00f3n de personal"},"content":{"rendered":"<p><img loading=\"lazy\" decoding=\"async\" class=\"size-thumbnail wp-image-1145 alignleft\" src=\"https:\/\/www.onalza.com\/wp-content\/uploads\/2019\/07\/seleccion-150x150.jpg\" alt=\"\" width=\"150\" height=\"150\" srcset=\"https:\/\/www.onalza.com\/wp-content\/uploads\/2019\/07\/seleccion-150x150.jpg 150w, https:\/\/www.onalza.com\/wp-content\/uploads\/2019\/07\/seleccion-100x100.jpg 100w\" sizes=\"auto, (max-width: 150px) 100vw, 150px\" \/><\/p>\n<p>Nuestro servicio de reclutamiento y selecci\u00f3n de personal tiene el objetivo de resolver las necesidades de atracci\u00f3n de talento en su empresa de una manera eficiente y oportuna.<br \/>\nNuestra misi\u00f3n es solventar las necesidades de atracci\u00f3n de talento mediante estrategias de reclutamiento 2.0 las cuales nos permiten encontrar al personal adecuado para su empresa y as\u00ed darle una ventaja competitiva a nuestros socios comerciales.<br \/>\nAl contratar el servicio de Reclutamiento y Selecci\u00f3n de personal cuenta con una GARANTIA DE SERVICIO PERSONAL y un contrato de inicio, con los cuales estamos seguros que podr\u00e1 ahorrar tiempo, dinero y esfuerzo.<\/p>\n<p><strong>Enf\u00f3quese en su Negocio<\/strong><br \/>\nUsted solamente debe de preocuparse de hacer crecer su negocio y nosotros nos encargamos de reclutarle el personal m\u00e1s apto para su organizaci\u00f3n.<\/p>\n<p><strong>Personal Calificado<\/strong><br \/>\nYa que contar\u00e1 con el respaldo de personal calificado (psic\u00f3logos del trabajo) y herramientas altamente especializadas que nos permiten darle un servicio de reclutamiento y selecci\u00f3n de personal de calidad.<\/p>\n<p><strong>Bases de Datos<\/strong><br \/>\nContamos con bases de datos especializadas con lo cual podemos orientarlo para encontrar el personal con el perfil ideal para su empresa.<\/p>\n<p><strong>Candidatos Viables<\/strong><br \/>\nLos candidatos del reclutamiento y selecci\u00f3n de personal pasan por distintos filtros, como son: entrevistas iniciales y profundas, aplicaci\u00f3n de pruebas psicom\u00e9tricas, verificaci\u00f3n de referencias laborales, etc. por lo tanto, los aspirantes finales son los m\u00e1s viables.<\/p>\n<p><strong>Garant\u00eda de Perfil<\/strong><br \/>\nOfrecemos garant\u00eda de acuerdo al perfil que se busca en reclutamiento y selecci\u00f3n de personal de 6 meses.<\/p>\n<p><strong>Menor rotaci\u00f3n de Personal<\/strong><br \/>\nNuestros postulantes son los m\u00e1s aptos por lo tanto al contratarlos se reduce la tasa de rotaci\u00f3n en su organizaci\u00f3n.<\/p>\n<p><span style=\"color: #0000ff;\">Contacta con Jorge L\u00f3pez 952 614 626 <a href=\"mailto:jorge.lopez@onalza.com\">jorge.lopez@onalza.com<\/a> para contratar o solicitar informaci\u00f3n sobre Procesos de Selecci\u00f3n.<\/span><\/p>\n","protected":false},"excerpt":{"rendered":"<p>Nuestro servicio de reclutamiento y selecci\u00f3n de personal tiene el objetivo de resolver las necesidades de atracci\u00f3n de talento en su empresa de una manera eficiente y oportuna. Nuestra misi\u00f3n es solventar las necesidades de atracci\u00f3n de talento mediante estrategias [&hellip;]<\/p>\n","protected":false},"author":2,"featured_media":0,"parent":0,"menu_order":0,"comment_status":"closed","ping_status":"closed","template":"","meta":{"footnotes":""},"class_list":["post-124","page","type-page","status-publish","hentry"],"_links":{"self":[{"href":"https:\/\/www.onalza.com\/index.php\/wp-json\/wp\/v2\/pages\/124","targetHints":{"allow":["GET"]}}],"collection":[{"href":"https:\/\/www.onalza.com\/index.php\/wp-json\/wp\/v2\/pages"}],"about":[{"href":"https:\/\/www.onalza.com\/index.php\/wp-json\/wp\/v2\/types\/page"}],"author":[{"embeddable":true,"href":"https:\/\/www.onalza.com\/index.php\/wp-json\/wp\/v2\/users\/2"}],"replies":[{"embeddable":true,"href":"https:\/\/www.onalza.com\/index.php\/wp-json\/wp\/v2\/comments?post=124"}],"version-history":[{"count":11,"href":"https:\/\/www.onalza.com\/index.php\/wp-json\/wp\/v2\/pages\/124\/revisions"}],"predecessor-version":[{"id":1146,"href":"https:\/\/www.onalza.com\/index.php\/wp-json\/wp\/v2\/pages\/124\/revisions\/1146"}],"wp:attachment":[{"href":"https:\/\/www.onalza.com\/index.php\/wp-json\/wp\/v2\/media?parent=124"}],"curies":[{"name":"wp","href":"https:\/\/api.w.org\/{rel}","templated":true}]}}