{"id":17,"date":"2018-02-27T12:43:12","date_gmt":"2018-02-27T12:43:12","guid":{"rendered":"http:\/\/www.onalza.com\/?page_id=17"},"modified":"2020-03-17T13:13:16","modified_gmt":"2020-03-17T12:13:16","slug":"conferencias","status":"publish","type":"page","link":"https:\/\/www.onalza.com\/index.php\/conferencias\/","title":{"rendered":"Conferencias"},"content":{"rendered":"<p><img loading=\"lazy\" decoding=\"async\" class=\"alignleft wp-image-177 size-thumbnail\" src=\"http:\/\/www.onalza.com\/wp-content\/uploads\/2018\/03\/conferencias-150x144.png\" alt=\"\" width=\"150\" height=\"144\" \/>Las conferencias de Luis Mendoza se basan en la <strong>FELICIDAD<\/strong> y tienen como pilares <strong><em>la Psicolog\u00eda Cognitiva, la Metaf\u00edsica y la Neurociencia.<\/em><\/strong><br \/>\nSon conferencias de alto impacto emocional que empoderan al p\u00fablico y le hace pensar sobre c\u00f3mo est\u00e1 viviendo su vida actual para as\u00ed poder realizar mejoras en su vida. Una hora de conferencia que supondr\u00e1 un punto de inflexi\u00f3n en tu forma de entender la vida<\/p>\n<p>&nbsp;<\/p>\n<p><strong>Presentaci\u00f3n del libro \u00abEscalera de Milagros. 17 pelda\u00f1os a la Felicidad\u00bb<\/strong><\/p>\n<p><iframe loading=\"lazy\" title=\"Presentacion de Escalera de Milagros\" width=\"500\" height=\"281\" src=\"https:\/\/www.youtube.com\/embed\/xHyVPmYrbUQ?feature=oembed\" frameborder=\"0\" allow=\"accelerometer; autoplay; clipboard-write; encrypted-media; gyroscope; picture-in-picture; web-share\" referrerpolicy=\"strict-origin-when-cross-origin\" allowfullscreen><\/iframe><\/p>\n<p>Escalera de Milagros es un libro de autoayuda para el crecimiento personal. Un manual de instrucciones para alcanzar la consciencia necesaria para vivir una vida plena y feliz.<\/p>\n<p><strong>Vivir en Valentia<\/strong><\/p>\n<p><iframe loading=\"lazy\" title=\"Vivir con Valent\u00eda\" width=\"500\" height=\"281\" src=\"https:\/\/www.youtube.com\/embed\/9NOZ3pff0qs?feature=oembed\" frameborder=\"0\" allow=\"accelerometer; autoplay; clipboard-write; encrypted-media; gyroscope; picture-in-picture; web-share\" referrerpolicy=\"strict-origin-when-cross-origin\" allowfullscreen><\/iframe><\/p>\n<p>Basada en el libro \u00abVivir con Abundancia\u00bb Luis nos cuenta las 10 Leyes Universales que hacen que podamos llevar una vida encaminada al \u00c9xito personal y Profesional<\/p>\n<p><strong>Ser Feliz es f\u00e1cil si sabes como<\/strong><\/p>\n<p>Basada en la experiencia de los procesos de Coaching trabajados cuya meta era dejar de ser infeliz y vivir una vida plena. Si conseguimos tener motivos, los porqu\u00e9s, para ser feliz encontraremos la forma, el c\u00f3mo conseguirlos, cuando tienes la receta de la felicidad cocinarla ya es mas f\u00e1cil<\/p>\n<p><strong>\u00bfY si eres t\u00fa quien creas tu propia Felicidad?<\/strong><\/p>\n<p><iframe loading=\"lazy\" title=\"Y si tu creas tu propia Felicidad\" width=\"500\" height=\"281\" src=\"https:\/\/www.youtube.com\/embed\/KKO8TEPK24g?start=12&#038;feature=oembed\" frameborder=\"0\" allow=\"accelerometer; autoplay; clipboard-write; encrypted-media; gyroscope; picture-in-picture; web-share\" referrerpolicy=\"strict-origin-when-cross-origin\" allowfullscreen><\/iframe><\/p>\n<p>Basada en los estudios de Metaf\u00edsica de de Conny M\u00e9ndez, Luis nos explica c\u00f3mo vivimos en un mundo que est\u00e1 regido por las energ\u00edas personales. Y empezamos a comprender porque en la misma situaci\u00f3n unas personas son felices y otras sin embargo son muy desgraciadas<\/p>\n<p><strong>Como alcanzar la cima de la Felicidad<\/strong><\/p>\n<p><iframe loading=\"lazy\" title=\"Como alcanzar la cima de la felicidad\" width=\"500\" height=\"281\" src=\"https:\/\/www.youtube.com\/embed\/lg8xZ2PFlhw?feature=oembed\" frameborder=\"0\" allow=\"accelerometer; autoplay; clipboard-write; encrypted-media; gyroscope; picture-in-picture; web-share\" referrerpolicy=\"strict-origin-when-cross-origin\" allowfullscreen><\/iframe><br \/>\nBasada en la obra maestra de Deepak Chopra \u201cLas 7 Leyes espirituales del \u00c9xito\u201d vemos como siendo conocedor de las leyes espirituales que gobiernan el mundo terrenal, es mucho m\u00e1s f\u00e1cil llegar a esa cima personal que todos tenemos en mente y que continuamente vamos buscando.<\/p>\n<p>\u00bfQuieres que te avisemos cuando hagamos <strong>CONFERENCIAS GRATUITAS<\/strong>? Env\u00edanos un mail a <a href=\"mailto:cristina.garcia@onalza.com\">cristina.garcia@onalza.com<\/a> y te avisamos unos d\u00edas antes.<\/p>\n<p>Contacta con Cristina Garc\u00eda 610 865 998 o <a href=\"mailto:cristina.garcia@onalza.com\">cristina.garcia@onalza.com<\/a> para contratar o solicitar informaci\u00f3n sobre nuestras conferencias.<\/p>\n<h2>CONFERENCIAS <strong>INSPIRADORAS<\/strong> QUE DAN MAS VALOR A TU EVENTO<\/h2>\n<p>&nbsp;<\/p>\n<p>&nbsp;<\/p>\n","protected":false},"excerpt":{"rendered":"<p>Las conferencias de Luis Mendoza se basan en la FELICIDAD y tienen como pilares la Psicolog\u00eda Cognitiva, la Metaf\u00edsica y la Neurociencia. Son conferencias de alto impacto emocional que empoderan al p\u00fablico y le hace pensar sobre c\u00f3mo est\u00e1 viviendo [&hellip;]<\/p>\n","protected":false},"author":2,"featured_media":0,"parent":0,"menu_order":1,"comment_status":"closed","ping_status":"closed","template":"","meta":{"footnotes":""},"class_list":["post-17","page","type-page","status-publish","hentry"],"_links":{"self":[{"href":"https:\/\/www.onalza.com\/index.php\/wp-json\/wp\/v2\/pages\/17","targetHints":{"allow":["GET"]}}],"collection":[{"href":"https:\/\/www.onalza.com\/index.php\/wp-json\/wp\/v2\/pages"}],"about":[{"href":"https:\/\/www.onalza.com\/index.php\/wp-json\/wp\/v2\/types\/page"}],"author":[{"embeddable":true,"href":"https:\/\/www.onalza.com\/index.php\/wp-json\/wp\/v2\/users\/2"}],"replies":[{"embeddable":true,"href":"https:\/\/www.onalza.com\/index.php\/wp-json\/wp\/v2\/comments?post=17"}],"version-history":[{"count":32,"href":"https:\/\/www.onalza.com\/index.php\/wp-json\/wp\/v2\/pages\/17\/revisions"}],"predecessor-version":[{"id":6562,"href":"https:\/\/www.onalza.com\/index.php\/wp-json\/wp\/v2\/pages\/17\/revisions\/6562"}],"wp:attachment":[{"href":"https:\/\/www.onalza.com\/index.php\/wp-json\/wp\/v2\/media?parent=17"}],"curies":[{"name":"wp","href":"https:\/\/api.w.org\/{rel}","templated":true}]}}