{"id":249,"date":"2018-03-14T16:05:58","date_gmt":"2018-03-14T16:05:58","guid":{"rendered":"http:\/\/www.onalza.com\/?page_id=249"},"modified":"2018-04-10T15:32:14","modified_gmt":"2018-04-10T15:32:14","slug":"testimonial-conferencias","status":"publish","type":"page","link":"https:\/\/www.onalza.com\/index.php\/testimonial-conferencias\/","title":{"rendered":"Testimonial Conferencias"},"content":{"rendered":"<p><img loading=\"lazy\" decoding=\"async\" class=\"alignleft wp-image-367 size-thumbnail\" src=\"http:\/\/www.onalza.com\/wp-content\/uploads\/2018\/03\/Horten-2-150x150.jpg\" alt=\"\" width=\"150\" height=\"150\" srcset=\"https:\/\/www.onalza.com\/wp-content\/uploads\/2018\/03\/Horten-2-150x150.jpg 150w, https:\/\/www.onalza.com\/wp-content\/uploads\/2018\/03\/Horten-2-300x300.jpg 300w, https:\/\/www.onalza.com\/wp-content\/uploads\/2018\/03\/Horten-2-100x100.jpg 100w\" sizes=\"auto, (max-width: 150px) 100vw, 150px\" \/>\u00abLas conferencias de Luis me han resultado fant\u00e1sticas y de gran ayuda. Te permiten ver la vida desde otro punto de vista, aprendes a disfrutar del d\u00eda a d\u00eda y a vivir. Me gusta sobre todo que se hacen amenas y divertidas, por motivos de trabajo me es complicado asistir pero siempre que puedo me apunto a ellas y salgo \u00abcon las pilas cargadas\u00bb. Gracias Luis por hacernos ver lo que tenemos delante y olvidamos muy a menudo. \u00a0 \u00a0 <strong>Hortensia Rando<\/strong><\/p>\n<p>&nbsp;<\/p>\n<p><img loading=\"lazy\" decoding=\"async\" class=\"alignleft wp-image-368 size-thumbnail\" src=\"http:\/\/www.onalza.com\/wp-content\/uploads\/2018\/03\/antonio-dominguez-2-150x150.png\" alt=\"\" width=\"150\" height=\"150\" srcset=\"https:\/\/www.onalza.com\/wp-content\/uploads\/2018\/03\/antonio-dominguez-2-150x150.png 150w, https:\/\/www.onalza.com\/wp-content\/uploads\/2018\/03\/antonio-dominguez-2-300x300.png 300w, https:\/\/www.onalza.com\/wp-content\/uploads\/2018\/03\/antonio-dominguez-2-100x100.png 100w\" sizes=\"auto, (max-width: 150px) 100vw, 150px\" \/>\u00abHay muchos tipos de conocimientos, pero hay uno m\u00e1s importante que los dem\u00e1s, el conocimiento de como hay que vivir, y este conocimiento, casi siempre se menosprecia, Luis mil gracias por compartir tus conocimientos con todos. \u00a0 \u00a0 \u00a0 \u00a0 \u00a0 \u00a0\u00a0 <strong>Antonio Dom\u00ednguez<\/strong><\/p>\n<p>&nbsp;<\/p>\n<p>&nbsp;<\/p>\n<p><img loading=\"lazy\" decoding=\"async\" class=\"alignleft wp-image-391 size-thumbnail\" src=\"http:\/\/www.onalza.com\/wp-content\/uploads\/2018\/04\/bella-ambrojo-150x150.jpg\" alt=\"\" width=\"150\" height=\"150\" srcset=\"https:\/\/www.onalza.com\/wp-content\/uploads\/2018\/04\/bella-ambrojo-150x150.jpg 150w, https:\/\/www.onalza.com\/wp-content\/uploads\/2018\/04\/bella-ambrojo-300x300.jpg 300w, https:\/\/www.onalza.com\/wp-content\/uploads\/2018\/04\/bella-ambrojo-100x100.jpg 100w, https:\/\/www.onalza.com\/wp-content\/uploads\/2018\/04\/bella-ambrojo-600x600.jpg 600w, https:\/\/www.onalza.com\/wp-content\/uploads\/2018\/04\/bella-ambrojo-570x570.jpg 570w, https:\/\/www.onalza.com\/wp-content\/uploads\/2018\/04\/bella-ambrojo.jpg 640w\" sizes=\"auto, (max-width: 150px) 100vw, 150px\" \/>\u00abMe parece usted un ponente excelente. Reitero que dice mucho en poco tiempo. Y adem\u00e1s sus palabras son de calidad. A m\u00ed me calaron. Y llevo ya bastantes a\u00f1os en este camino, con lo cual, lo que expreso no es producto de un impacto del que asiste a su primera conferencia en este tema.<br \/>\nGracias por dedicar su tiempo, experiencia y sus conocimientos.<br \/>\nDeseando volver a o\u00edrle\u00bb<\/p>\n<p><strong>\u00a0 \u00a0 \u00a0 \u00a0 \u00a0 \u00a0 \u00a0 \u00a0 \u00a0 \u00a0 \u00a0 \u00a0 \u00a0 \u00a0 \u00a0 \u00a0 \u00a0 \u00a0 \u00a0 \u00a0 \u00a0 \u00a0 \u00a0 \u00a0 \u00a0 \u00a0 \u00a0 \u00a0 \u00a0 \u00a0 \u00a0 \u00a0 \u00a0 \u00a0 \u00a0 \u00a0 \u00a0 \u00a0 \u00a0 \u00a0 \u00a0 \u00a0 \u00a0 \u00a0 \u00a0 \u00a0 \u00a0 \u00a0 \u00a0 \u00a0 \u00a0 \u00a0 \u00a0 \u00a0 \u00a0 \u00a0 Bella Ambrojo<\/strong><\/p>\n<p><img loading=\"lazy\" decoding=\"async\" class=\"alignleft wp-image-408 size-thumbnail\" src=\"http:\/\/www.onalza.com\/wp-content\/uploads\/2018\/04\/bc80351e-8e43-40e1-8590-e013efeaf665-150x150.jpg\" alt=\"\" width=\"150\" height=\"150\" srcset=\"https:\/\/www.onalza.com\/wp-content\/uploads\/2018\/04\/bc80351e-8e43-40e1-8590-e013efeaf665-150x150.jpg 150w, https:\/\/www.onalza.com\/wp-content\/uploads\/2018\/04\/bc80351e-8e43-40e1-8590-e013efeaf665-300x300.jpg 300w, https:\/\/www.onalza.com\/wp-content\/uploads\/2018\/04\/bc80351e-8e43-40e1-8590-e013efeaf665-100x100.jpg 100w, https:\/\/www.onalza.com\/wp-content\/uploads\/2018\/04\/bc80351e-8e43-40e1-8590-e013efeaf665-570x570.jpg 570w\" sizes=\"auto, (max-width: 150px) 100vw, 150px\" \/>\u00abSiempre consigue superar, las expectativas que llevo a cada conferencia que da. No se como lo hace pero logra hacerme modificar, pensamientos y h\u00e1bitos, mal adquiridos en mi d\u00eda a d\u00eda. Gracias y espero impaciente tu pr\u00f3xima conferencia\u00bb \u00a0 \u00a0 \u00a0 \u00a0 \u00a0 \u00a0 \u00a0 \u00a0 \u00a0 \u00a0 \u00a0 \u00a0 \u00a0 \u00a0 \u00a0 \u00a0 \u00a0 \u00a0 \u00a0 \u00a0 \u00a0 \u00a0 \u00a0 \u00a0 \u00a0 \u00a0 \u00a0 \u00a0 \u00a0 \u00a0 \u00a0 \u00a0 \u00a0 \u00a0 \u00a0 \u00a0 \u00a0 \u00a0 \u00a0 \u00a0 \u00a0 \u00a0 \u00a0 \u00a0 \u00a0 \u00a0 \u00a0 \u00a0 \u00a0 \u00a0 \u00a0 \u00a0 \u00a0 \u00a0 \u00a0 \u00a0 \u00a0 \u00a0 \u00a0 \u00a0 \u00a0 \u00a0 \u00a0 \u00a0 \u00a0 \u00a0 \u00a0 \u00a0 \u00a0 \u00a0 \u00a0 \u00a0 \u00a0 \u00a0 \u00a0 \u00a0 \u00a0 \u00a0 \u00a0 \u00a0 <strong>Andr\u00e9s Rodr\u00edguez<\/strong><\/p>\n<p>&nbsp;<\/p>\n<p>&nbsp;<\/p>\n<p><img loading=\"lazy\" decoding=\"async\" class=\"alignleft wp-image-395 size-thumbnail\" src=\"http:\/\/www.onalza.com\/wp-content\/uploads\/2018\/04\/critiane-150x150.jpg\" alt=\"\" width=\"150\" height=\"150\" srcset=\"https:\/\/www.onalza.com\/wp-content\/uploads\/2018\/04\/critiane-150x150.jpg 150w, https:\/\/www.onalza.com\/wp-content\/uploads\/2018\/04\/critiane-300x300.jpg 300w, https:\/\/www.onalza.com\/wp-content\/uploads\/2018\/04\/critiane-100x100.jpg 100w, https:\/\/www.onalza.com\/wp-content\/uploads\/2018\/04\/critiane-600x600.jpg 600w, https:\/\/www.onalza.com\/wp-content\/uploads\/2018\/04\/critiane-768x768.jpg 768w, https:\/\/www.onalza.com\/wp-content\/uploads\/2018\/04\/critiane-570x570.jpg 570w, https:\/\/www.onalza.com\/wp-content\/uploads\/2018\/04\/critiane.jpg 960w\" sizes=\"auto, (max-width: 150px) 100vw, 150px\" \/>Me encant\u00f3 las conferencias que he asistido. La capacidad de demostrar que podemos alcanzar el \u00e9xito . M\u00e9todos que nos ayuda a alcanzar esas metas &#8230; en cada conferencia , salimos con las pilas cargadas.. ese\u00bb toque \u00abque nos ayuda y motiva a empezar hoy esa carrera del \u00e9xito. Gracias Luis. \u00a0 \u00a0 \u00a0 \u00a0 \u00a0 \u00a0 \u00a0 \u00a0 \u00a0 \u00a0 \u00a0 \u00a0 \u00a0 \u00a0 \u00a0 \u00a0 \u00a0 \u00a0 \u00a0 \u00a0 \u00a0 \u00a0 \u00a0 \u00a0 \u00a0 \u00a0 \u00a0 \u00a0 \u00a0 \u00a0 \u00a0\u00a0 <strong>Cristiane Camilo<\/strong><\/p>\n<p>&nbsp;<\/p>\n<p>&nbsp;<\/p>\n<p><img loading=\"lazy\" decoding=\"async\" class=\"alignleft wp-image-404 size-thumbnail\" src=\"http:\/\/www.onalza.com\/wp-content\/uploads\/2018\/04\/arturo-150x150.jpg\" alt=\"\" width=\"150\" height=\"150\" srcset=\"https:\/\/www.onalza.com\/wp-content\/uploads\/2018\/04\/arturo-150x150.jpg 150w, https:\/\/www.onalza.com\/wp-content\/uploads\/2018\/04\/arturo-300x300.jpg 300w, https:\/\/www.onalza.com\/wp-content\/uploads\/2018\/04\/arturo-100x100.jpg 100w\" sizes=\"auto, (max-width: 150px) 100vw, 150px\" \/>\u00abMe han encantado las conferencias a las que he asistido porque tiene usted la habilidad de ordenar, priorizar y sistematizar las conductas, facilitando de \u00e9sta manera que veamos soluciones interiores a cosas o situaciones que cre\u00edamos sin soluci\u00f3n o de muy dif\u00edcil soluci\u00f3n. La felicidad est\u00e1 en nosotros, pero siempre es bueno que nos lo recuerden. Gracias por record\u00e1rnoslo\u00bb \u00a0 \u00a0 \u00a0 \u00a0 \u00a0 \u00a0 \u00a0 \u00a0 \u00a0 \u00a0 \u00a0 \u00a0 \u00a0 \u00a0 \u00a0 \u00a0 \u00a0 \u00a0 \u00a0 \u00a0 \u00a0 \u00a0 \u00a0 \u00a0 \u00a0 \u00a0 \u00a0 \u00a0 \u00a0 \u00a0 \u00a0 \u00a0 \u00a0 \u00a0 \u00a0 \u00a0 \u00a0 \u00a0 <strong>Arturo Jimena<\/strong><\/p>\n<p>&nbsp;<\/p>\n<p>&nbsp;<\/p>\n<p><img loading=\"lazy\" decoding=\"async\" class=\"alignleft wp-image-406 size-thumbnail\" src=\"http:\/\/www.onalza.com\/wp-content\/uploads\/2018\/04\/manolopovea-150x150.jpg\" alt=\"\" width=\"150\" height=\"150\" srcset=\"https:\/\/www.onalza.com\/wp-content\/uploads\/2018\/04\/manolopovea-150x150.jpg 150w, https:\/\/www.onalza.com\/wp-content\/uploads\/2018\/04\/manolopovea-300x300.jpg 300w, https:\/\/www.onalza.com\/wp-content\/uploads\/2018\/04\/manolopovea-100x100.jpg 100w\" sizes=\"auto, (max-width: 150px) 100vw, 150px\" \/>\u00abPodr\u00eda resumir el impacto de las conferencias de Luis Mendoza en dos aspectos muy interesantes para mi: por un lado, el uso de planteamientos muy estudiados que me hicieron reflexionar; y por otro, un abordaje muy pragm\u00e1tico de las propuestas. Esta combinaci\u00f3n de ayudarte a mirar dentro de ti mismo con detalle para seguidamente aportarte mecanismos de actuaci\u00f3n, me parece \u00fatil y enriquecedora. Muy recomendable.\u201d \u00a0 \u00a0 \u00a0 \u00a0 \u00a0 \u00a0\u00a0 <strong>Manuel Povea<\/strong><\/p>\n<p>&nbsp;<\/p>\n<p>&nbsp;<\/p>\n<p>&nbsp;<\/p>\n<p>&nbsp;<\/p>\n<p>&nbsp;<\/p>\n","protected":false},"excerpt":{"rendered":"<p>\u00abLas conferencias de Luis me han resultado fant\u00e1sticas y de gran ayuda. Te permiten ver la vida desde otro punto de vista, aprendes a disfrutar del d\u00eda a d\u00eda y a vivir. Me gusta sobre todo que se hacen amenas [&hellip;]<\/p>\n","protected":false},"author":2,"featured_media":0,"parent":0,"menu_order":0,"comment_status":"closed","ping_status":"closed","template":"","meta":{"footnotes":""},"class_list":["post-249","page","type-page","status-publish","hentry"],"_links":{"self":[{"href":"https:\/\/www.onalza.com\/index.php\/wp-json\/wp\/v2\/pages\/249","targetHints":{"allow":["GET"]}}],"collection":[{"href":"https:\/\/www.onalza.com\/index.php\/wp-json\/wp\/v2\/pages"}],"about":[{"href":"https:\/\/www.onalza.com\/index.php\/wp-json\/wp\/v2\/types\/page"}],"author":[{"embeddable":true,"href":"https:\/\/www.onalza.com\/index.php\/wp-json\/wp\/v2\/users\/2"}],"replies":[{"embeddable":true,"href":"https:\/\/www.onalza.com\/index.php\/wp-json\/wp\/v2\/comments?post=249"}],"version-history":[{"count":20,"href":"https:\/\/www.onalza.com\/index.php\/wp-json\/wp\/v2\/pages\/249\/revisions"}],"predecessor-version":[{"id":440,"href":"https:\/\/www.onalza.com\/index.php\/wp-json\/wp\/v2\/pages\/249\/revisions\/440"}],"wp:attachment":[{"href":"https:\/\/www.onalza.com\/index.php\/wp-json\/wp\/v2\/media?parent=249"}],"curies":[{"name":"wp","href":"https:\/\/api.w.org\/{rel}","templated":true}]}}