{"id":337,"date":"2018-03-24T10:56:41","date_gmt":"2018-03-24T10:56:41","guid":{"rendered":"http:\/\/www.onalza.com\/?page_id=337"},"modified":"2020-03-17T09:22:45","modified_gmt":"2020-03-17T08:22:45","slug":"candidatos","status":"publish","type":"page","link":"https:\/\/www.onalza.com\/index.php\/candidatos\/","title":{"rendered":"Busqueda de Empleo"},"content":{"rendered":"<p><img loading=\"lazy\" decoding=\"async\" class=\"size-medium wp-image-339 alignleft\" src=\"http:\/\/www.onalza.com\/wp-content\/uploads\/2018\/03\/seleccion-personal-300x168.jpg\" alt=\"\" width=\"300\" height=\"168\" \/>Si est\u00e1s en desempleo o quieres cambiar de trabajo env\u00edanos tu CV a <a href=\"mailto:jorge.lopez@onalza.com\">jorge.lopez@onalza.com<\/a> y valoraremos tu candidatura, para ver en cual de los distintos procesos, que en estos momentos estamos realizando, mejor encaja. Somos expertos en puestos comerciales.<\/p>\n<p>&nbsp;<\/p>\n<p>Si quieres que te entrene mediante T\u00e9cnicas de Coaching para buscar y encontrar el trabajo que de verdad quieres, si quieres que te entrene para superar con \u00e9xito las entrevistas de trabajo, si est\u00e1s cansado de esperar que te llegue tu oportunidad y prefieres crearla YA ponte en contacto conmigo al 649 380 167 \u00f3\u00a0 <a href=\"mailto:luis.mendoza@onalza.com\">luis.mendoza@onalza.com <\/a><\/p>\n<p><strong>Tu entrenamiento se basar\u00e1 en un training de 2 horas:\u00a0<\/strong><\/p>\n<p>Fuentes de b\u00fasquedas<\/p>\n<p>El Curriculum vitae<\/p>\n<p>La Carta de presentaci\u00f3n<\/p>\n<p>C\u00f3mo buscar empleo. El M\u00e9todo<\/p>\n<p>La Entrevista de trabajo<\/p>\n<p>Preguntas trampas y preguntas trampol\u00edn<\/p>\n<p>La Agenda del desempleado. Un d\u00eda normal de \u201ctrabajo\u201d<\/p>\n<p>Cambia tus paradigmas<\/p>\n<p>La Actitud<\/p>\n<p>&nbsp;<\/p>\n<h6>Con una \u00fanica inversi\u00f3n de 57\u20ac dar\u00e1s un cambio radical a tu vida profesional\u00a0<div class='wpecpp-container wpecpp-align-center'><form class='wpecpp-form' target='_blank' id=r3aabd8242cea53f17b1caffeefb2af2d action='https:\/\/www.paypal.com\/cgi-bin\/webscr' method='post'><input type='hidden' name='cmd' value='_xclick' \/><input type='hidden' name='business' value='luis.mendoza@onalza.com' \/><input type='hidden' name='currency_code' value='EUR' \/><input type='hidden' name='lc' value='es_ES'><input type='hidden' name='no_note' value=''><input type='hidden' name='paymentaction' value='sale'><input type='hidden' name='return' value='https:\/\/www.onalza.com\/index.php\/gracias' \/><input type='hidden' name='bn' value='WPPlugin_SP'><input type='hidden' name='cancel_return' value='https:\/\/www.onalza.com\/index.php\/pedido-cancelado' \/><input style='border: none;' class='paypalbuttonimage' type='image' src='https:\/\/www.paypalobjects.com\/es_ES\/ES\/i\/btn\/btn_buynowCC_LG.gif' border='0' name='submit' alt='Make your payments with PayPal. It is free, secure, effective.' \/><img alt='' border='0' style='border:none;display:none;' src='https:\/\/www.paypal.com\/es_ES\/i\/scr\/pixel.gif' width='1' height='1' \/><input type='hidden' name='item_name' value='BAE' \/><input type='hidden' name='amount' value='57' \/><\/form><\/div><\/h6>\n<h3>Empezar un<strong> NUEVO<\/strong> <strong>CAMINO<\/strong> asusta, pero tras cada paso que damos, nos damos cuenta cuan<strong> PELIGROSO <\/strong>era quedarnos ah\u00ed <strong>PARADOS<\/strong>.<\/h3>\n","protected":false},"excerpt":{"rendered":"<p>Si est\u00e1s en desempleo o quieres cambiar de trabajo env\u00edanos tu CV a jorge.lopez@onalza.com y valoraremos tu candidatura, para ver en cual de los distintos procesos, que en estos momentos estamos realizando, mejor encaja. Somos expertos en puestos comerciales. &nbsp; [&hellip;]<\/p>\n","protected":false},"author":2,"featured_media":0,"parent":0,"menu_order":0,"comment_status":"closed","ping_status":"closed","template":"","meta":{"footnotes":""},"class_list":["post-337","page","type-page","status-publish","hentry"],"_links":{"self":[{"href":"https:\/\/www.onalza.com\/index.php\/wp-json\/wp\/v2\/pages\/337","targetHints":{"allow":["GET"]}}],"collection":[{"href":"https:\/\/www.onalza.com\/index.php\/wp-json\/wp\/v2\/pages"}],"about":[{"href":"https:\/\/www.onalza.com\/index.php\/wp-json\/wp\/v2\/types\/page"}],"author":[{"embeddable":true,"href":"https:\/\/www.onalza.com\/index.php\/wp-json\/wp\/v2\/users\/2"}],"replies":[{"embeddable":true,"href":"https:\/\/www.onalza.com\/index.php\/wp-json\/wp\/v2\/comments?post=337"}],"version-history":[{"count":18,"href":"https:\/\/www.onalza.com\/index.php\/wp-json\/wp\/v2\/pages\/337\/revisions"}],"predecessor-version":[{"id":6330,"href":"https:\/\/www.onalza.com\/index.php\/wp-json\/wp\/v2\/pages\/337\/revisions\/6330"}],"wp:attachment":[{"href":"https:\/\/www.onalza.com\/index.php\/wp-json\/wp\/v2\/media?parent=337"}],"curies":[{"name":"wp","href":"https:\/\/api.w.org\/{rel}","templated":true}]}}