{"id":5176,"date":"2020-01-25T07:06:40","date_gmt":"2020-01-25T06:06:40","guid":{"rendered":"https:\/\/www.onalza.com\/?page_id=5176"},"modified":"2020-03-17T11:17:12","modified_gmt":"2020-03-17T10:17:12","slug":"escalera-de-milagros-17-peldanos-a-la-felicidad","status":"publish","type":"page","link":"https:\/\/www.onalza.com\/index.php\/escalera-de-milagros-17-peldanos-a-la-felicidad\/","title":{"rendered":"Escalera de Milagros. 17 pelda\u00f1os a la Felicidad"},"content":{"rendered":"\r\n<p>&nbsp;<\/p>\r\n\r\n\r\n\r\n<div class=\"wp-block-image\">\r\n<figure class=\"alignleft is-resized\"><img loading=\"lazy\" decoding=\"async\" class=\"wp-image-5178\" src=\"https:\/\/www.onalza.com\/wp-content\/uploads\/2020\/01\/portada-.jpg\" alt=\"\" width=\"183\" height=\"251\" srcset=\"https:\/\/www.onalza.com\/wp-content\/uploads\/2020\/01\/portada-.jpg 367w, https:\/\/www.onalza.com\/wp-content\/uploads\/2020\/01\/portada--219x300.jpg 219w\" sizes=\"auto, (max-width: 183px) 100vw, 183px\" \/><\/figure>\r\n<\/div>\r\n\r\n\r\n\r\n<p><strong>Escalera de milagros<\/strong> es un libro de autoayuda para el crecimiento personal. Un <strong>manual de instrucciones<\/strong> para alcanzar la consciencia necesaria para vivir una vida plena y feliz.<\/p>\r\n\r\n\r\n\r\n<p>Nuestra vida es como una escalera con 17 pelda\u00f1os, y con cada pelda\u00f1o que subimos\u00a0 nuestra vida mejora en todos los sentidos.<\/p>\r\n\r\n\r\n\r\n<p>Pelda\u00f1os como el perd\u00f3n, la contribuci\u00f3n a los dem\u00e1s o el amor, nos llevan a un nivel de consciencia que nos permite vivir la vida que todos queremos: felices, con paz interior y amor. Aprendiendo a controlar y dirigir nuestros pensamientos, pelda\u00f1os como la culpa, el miedo, el ego o el apego nos llevar\u00e1n, desde la m\u00e1s absoluta infelicidad y sufrimiento, a la mayor felicidad que los seres humanos podemos sentir, y esta transformaci\u00f3n se llama: <strong>Milagro<\/strong><\/p>\r\n\r\n\r\n\r\n<p>Nosotros somos los creadores de milagros; tan solo debemos de aprender a reinterpretar lo que ocurre en nuestras vidas y convertir los problemas en oportunidades. Agradecer lo mucho que tenemos y dejar de quejarnos por lo poco que nos falta, porque si no somos felices con lo que tenemos tampoco seremos felices con lo que nos falta.<\/p>\r\n\r\n\r\n\r\n<p>Centr\u00e1ndonos en lo que queremos y dejando de prestar atenci\u00f3n a lo que no queremos en nuestras vidas, utilizaremos la potente energ\u00eda que todos llevamos en nuestro interior para cumplir todos nuestros sue\u00f1os, ya sea en el \u00e1mbito personal o profesional.<\/p>\r\n\r\n\r\n\r\n<p>Un milagro es un cambio de creencias o pensamientos; es la correcci\u00f3n de un pensamiento err\u00f3neo. Es la cancelaci\u00f3n del pasado en el presente para as\u00ed liberar el futuro.<\/p>\r\n\r\n\r\n\r\n<p>Seg\u00fan vayamos subiendo pelda\u00f1os en esta escalera de la vida y de milagros, dejaremos de sentir miedo, creceremos en autoestima, curaremos nuestras heridas emocionales del pasado, seremos agradecidos con lo que somos y lo que tenemos, y sin darnos cuenta un d\u00eda sabremos que estamos viviendo la vida que siempre deseamos.<\/p>\r\n\r\n\r\n\r\n<p><strong>Escalera de Milagros<\/strong> permitir\u00e1 que pasemos de sentirnos victimas de nuestras circunstancias a creadores de nuestra\u00a0 felicidad, y de una mentalidad de victima a una mentalidad de \u00e9xito.\u00a0 Inevitablemente nuestro entorno m\u00e1s cercano, como familia y amigos, se impregnar\u00e1 de esa energ\u00eda que vamos desprendiendo y que va transformando vidas.<\/p>\r\n\r\n\r\n\r\n<p>\u00a0<strong>Escalera de Milagros<\/strong> nos da las pautas para convertir los problemas en oportunidades, y cada pelda\u00f1o que subimos m\u00e1s cerca estamos de lo que todos los seres humanos buscamos: <strong>la felicidad. <\/strong><\/p>\r\n<p>Puedes adquirirlo en:<\/p>\r\n<p>La Casa del libro \u00a0<a href=\"https:\/\/www.casadellibro.com\/libro-escalera-de-milagros\/9788412161533\/11380340\" target=\"_blank\" rel=\"noopener noreferrer\">Pincha aqu\u00ed<\/a><\/p>\r\n<p>Librer\u00eda Prometeo\u00a0<a href=\"https:\/\/www.libreriaproteo.com\/buscador\/simple\/busqueda\/escalera+de+milagros\/busqueda_formato_papel\/0\/busqueda_formato_ebook\/0\" target=\"_blank\" rel=\"noopener noreferrer\">Pincha aqu\u00ed<\/a><\/p>\r\n<p>Agapea \u00a0\u00a0<a href=\"https:\/\/www.agapea.com\/libros\/Escalera-de-milagros-9788412161533-i.htm\" target=\"_blank\" rel=\"noopener noreferrer\">Pincha aqu\u00ed<\/a><\/p>\r\n<p>Y si la quieres en formato digital o papel puedes adquirirlo en Amazon\u00a0<a href=\"https:\/\/www.amazon.es\/s?k=escalera+de+milagros&amp;i=stripbooks&amp;__mk_es_ES=%C3%85M%C3%85%C5%BD%C3%95%C3%91&amp;ref=nb_sb_noss_1\" target=\"_blank\" rel=\"noopener noreferrer\">Pincha aqu\u00ed<\/a><\/p>\r\n<p>&nbsp;<\/p>\r\n\r\n\r\n\r\n<p>\u00bfQuieres ver la presentaci\u00f3n de Escalera de Milagros? Pincha en el siguiente link\u00a0 <a href=\"https:\/\/www.youtube.com\/watch?v=xHyVPmYrbUQ\" target=\"_blank\" rel=\"noopener noreferrer\">Ver la presentaci\u00f3n<\/a><\/p>\r\n<p>&nbsp;<\/p>\r\n","protected":false},"excerpt":{"rendered":"<p>&nbsp; Escalera de milagros es un libro de autoayuda para el crecimiento personal. Un manual de instrucciones para alcanzar la consciencia necesaria para vivir una vida plena y feliz. Nuestra vida es como una escalera con 17 pelda\u00f1os, y con [&hellip;]<\/p>\n","protected":false},"author":2,"featured_media":0,"parent":0,"menu_order":0,"comment_status":"closed","ping_status":"closed","template":"","meta":{"footnotes":""},"class_list":["post-5176","page","type-page","status-publish","hentry"],"_links":{"self":[{"href":"https:\/\/www.onalza.com\/index.php\/wp-json\/wp\/v2\/pages\/5176","targetHints":{"allow":["GET"]}}],"collection":[{"href":"https:\/\/www.onalza.com\/index.php\/wp-json\/wp\/v2\/pages"}],"about":[{"href":"https:\/\/www.onalza.com\/index.php\/wp-json\/wp\/v2\/types\/page"}],"author":[{"embeddable":true,"href":"https:\/\/www.onalza.com\/index.php\/wp-json\/wp\/v2\/users\/2"}],"replies":[{"embeddable":true,"href":"https:\/\/www.onalza.com\/index.php\/wp-json\/wp\/v2\/comments?post=5176"}],"version-history":[{"count":15,"href":"https:\/\/www.onalza.com\/index.php\/wp-json\/wp\/v2\/pages\/5176\/revisions"}],"predecessor-version":[{"id":6389,"href":"https:\/\/www.onalza.com\/index.php\/wp-json\/wp\/v2\/pages\/5176\/revisions\/6389"}],"wp:attachment":[{"href":"https:\/\/www.onalza.com\/index.php\/wp-json\/wp\/v2\/media?parent=5176"}],"curies":[{"name":"wp","href":"https:\/\/api.w.org\/{rel}","templated":true}]}}