{"id":677,"date":"2018-12-02T13:07:00","date_gmt":"2018-12-02T12:07:00","guid":{"rendered":"http:\/\/www.onalza.com\/?page_id=677"},"modified":"2018-12-02T13:23:51","modified_gmt":"2018-12-02T12:23:51","slug":"testimoniales-amor-ahora-parejas","status":"publish","type":"page","link":"https:\/\/www.onalza.com\/index.php\/testimoniales-amor-ahora-parejas\/","title":{"rendered":"Testimoniales Amor Ahora Parejas"},"content":{"rendered":"<p><img loading=\"lazy\" decoding=\"async\" class=\"size-thumbnail wp-image-694 alignleft\" src=\"http:\/\/www.onalza.com\/wp-content\/uploads\/2018\/10\/pareja-1-150x150.jpg\" alt=\"\" width=\"150\" height=\"150\" srcset=\"https:\/\/www.onalza.com\/wp-content\/uploads\/2018\/10\/pareja-1-150x150.jpg 150w, https:\/\/www.onalza.com\/wp-content\/uploads\/2018\/10\/pareja-1-300x300.jpg 300w, https:\/\/www.onalza.com\/wp-content\/uploads\/2018\/10\/pareja-1-100x100.jpg 100w, https:\/\/www.onalza.com\/wp-content\/uploads\/2018\/10\/pareja-1-600x600.jpg 600w, https:\/\/www.onalza.com\/wp-content\/uploads\/2018\/10\/pareja-1-570x570.jpg 570w, https:\/\/www.onalza.com\/wp-content\/uploads\/2018\/10\/pareja-1.jpg 720w\" sizes=\"auto, (max-width: 150px) 100vw, 150px\" \/>Tras 18 a\u00f1os de matrimonio feliz, los dos \u00faltimos fueron un infierno con continuas peleas, falta de confianza y de respeto mutuo. En 4 meses de Coaching con Luis, no solo hemos recuperado lo que perdido, sino que hemos crecido a nivel de pareja y fortalecido nuestro matrimonio. Una experiencia incre\u00edble. \u00a0 \u00a0 \u00a0 \u00a0 \u00a0 \u00a0 \u00a0 \u00a0 \u00a0 \u00a0 \u00a0 \u00a0 \u00a0 \u00a0 \u00a0 \u00a0 \u00a0 \u00a0 \u00a0 \u00a0 \u00a0 \u00a0 \u00a0 \u00a0 \u00a0 \u00a0 \u00a0 \u00a0 \u00a0 \u00a0 \u00a0 \u00a0 \u00a0 \u00a0 \u00a0 \u00a0 \u00a0 \u00a0 \u00a0 \u00a0 \u00a0 \u00a0 \u00a0 \u00a0 \u00a0 \u00a0 \u00a0 \u00a0 \u00a0 \u00a0 \u00a0 \u00a0 \u00a0 \u00a0 \u00a0 \u00a0 \u00a0 \u00a0 \u00a0 \u00a0 \u00a0 \u00a0 \u00a0 \u00a0 \u00a0 \u00a0 \u00a0 \u00a0\u00a0 Juana, 46 a\u00f1os y Luis, 44 a\u00f1os.\u00a0 18 a\u00f1os de matrimonio<\/p>\n<p>&nbsp;<\/p>\n<p><img loading=\"lazy\" decoding=\"async\" class=\"size-thumbnail wp-image-695 alignleft\" src=\"http:\/\/www.onalza.com\/wp-content\/uploads\/2018\/10\/pareja-150x150.jpg\" alt=\"\" width=\"150\" height=\"150\" srcset=\"https:\/\/www.onalza.com\/wp-content\/uploads\/2018\/10\/pareja-150x150.jpg 150w, https:\/\/www.onalza.com\/wp-content\/uploads\/2018\/10\/pareja-300x300.jpg 300w, https:\/\/www.onalza.com\/wp-content\/uploads\/2018\/10\/pareja-100x100.jpg 100w, https:\/\/www.onalza.com\/wp-content\/uploads\/2018\/10\/pareja-600x600.jpg 600w, https:\/\/www.onalza.com\/wp-content\/uploads\/2018\/10\/pareja-768x768.jpg 768w, https:\/\/www.onalza.com\/wp-content\/uploads\/2018\/10\/pareja-570x570.jpg 570w, https:\/\/www.onalza.com\/wp-content\/uploads\/2018\/10\/pareja.jpg 960w\" sizes=\"auto, (max-width: 150px) 100vw, 150px\" \/>Siempre cre\u00edmos que fueron los ni\u00f1os y el trabajo, los que hicieron que nos distanci\u00e1ramos uno del otro, pero lo cierto es que cada dia que pasaba nuestra relaci\u00f3n era mas de amigos que viv\u00edan en la misma casa, que de una pareja enamorada. Con Luis aprendimos conceptos, como Jarra y Vasos (jajaja, no lo vamos a olvidar nunca) que cambiaron nuestro matrimonio. Hoy somos mas felices que incluso cuando nos casamos. Esto deber\u00edamos aprenderlo antes de casarnos. Mil gracias! \u00a0 \u00a0 \u00a0 \u00a0 \u00a0 \u00a0 \u00a0 \u00a0 \u00a0 \u00a0 \u00a0 \u00a0 \u00a0 \u00a0 \u00a0 \u00a0 \u00a0 \u00a0 \u00a0 \u00a0 \u00a0 \u00a0 \u00a0\u00a0 Antonio, 35 a\u00f1os y Rosa, 35 a\u00f1os. 10 a\u00f1os de matrimonio<\/p>\n<p>&nbsp;<\/p>\n<p><img loading=\"lazy\" decoding=\"async\" class=\"size-thumbnail wp-image-764 alignleft\" src=\"https:\/\/www.onalza.com\/wp-content\/uploads\/2018\/12\/pareja2-150x150.jpg\" alt=\"\" width=\"150\" height=\"150\" srcset=\"https:\/\/www.onalza.com\/wp-content\/uploads\/2018\/12\/pareja2-150x150.jpg 150w, https:\/\/www.onalza.com\/wp-content\/uploads\/2018\/12\/pareja2-570x570.jpg 570w, https:\/\/www.onalza.com\/wp-content\/uploads\/2018\/12\/pareja2-300x300.jpg 300w, https:\/\/www.onalza.com\/wp-content\/uploads\/2018\/12\/pareja2-100x100.jpg 100w\" sizes=\"auto, (max-width: 150px) 100vw, 150px\" \/>Tras 4 a\u00f1os de vivir en pareja, todo empez\u00f3 a ir mal, discusiones, problemas de dinero, celos,\u00a0 no consegu\u00edamos entender el uno al otro. En las sesiones de Amor Ahora aprendimos a conocer nuestra personalidad y la personalidad de nuestra pareja, a saber porque empez\u00e1bamos nuestras discusiones y como tener nuestro propio espacio sin desentender al otro. El cambio que tuvimos en\u00a0 cinco meses fue de 180\u00ba, vas cambiando de forma f\u00e1cil sesi\u00f3n a sesi\u00f3n!<\/p>\n<p>Felipe, 44 a\u00f1os y M.\u00aa Jes\u00fas, 40 a\u00f1os,\u00a0 5 a\u00f1os de Pareja de hecho<\/p>\n<p>&nbsp;<\/p>\n<p>&nbsp;<\/p>\n","protected":false},"excerpt":{"rendered":"<p>Tras 18 a\u00f1os de matrimonio feliz, los dos \u00faltimos fueron un infierno con continuas peleas, falta de confianza y de respeto mutuo. En 4 meses de Coaching con Luis, no solo hemos recuperado lo que perdido, sino que hemos crecido [&hellip;]<\/p>\n","protected":false},"author":2,"featured_media":0,"parent":0,"menu_order":0,"comment_status":"closed","ping_status":"closed","template":"","meta":{"footnotes":""},"class_list":["post-677","page","type-page","status-publish","hentry"],"_links":{"self":[{"href":"https:\/\/www.onalza.com\/index.php\/wp-json\/wp\/v2\/pages\/677","targetHints":{"allow":["GET"]}}],"collection":[{"href":"https:\/\/www.onalza.com\/index.php\/wp-json\/wp\/v2\/pages"}],"about":[{"href":"https:\/\/www.onalza.com\/index.php\/wp-json\/wp\/v2\/types\/page"}],"author":[{"embeddable":true,"href":"https:\/\/www.onalza.com\/index.php\/wp-json\/wp\/v2\/users\/2"}],"replies":[{"embeddable":true,"href":"https:\/\/www.onalza.com\/index.php\/wp-json\/wp\/v2\/comments?post=677"}],"version-history":[{"count":21,"href":"https:\/\/www.onalza.com\/index.php\/wp-json\/wp\/v2\/pages\/677\/revisions"}],"predecessor-version":[{"id":778,"href":"https:\/\/www.onalza.com\/index.php\/wp-json\/wp\/v2\/pages\/677\/revisions\/778"}],"wp:attachment":[{"href":"https:\/\/www.onalza.com\/index.php\/wp-json\/wp\/v2\/media?parent=677"}],"curies":[{"name":"wp","href":"https:\/\/api.w.org\/{rel}","templated":true}]}}