{"id":679,"date":"2018-12-02T13:06:38","date_gmt":"2018-12-02T12:06:38","guid":{"rendered":"http:\/\/www.onalza.com\/?page_id=679"},"modified":"2018-12-02T13:06:38","modified_gmt":"2018-12-02T12:06:38","slug":"testimoniales-amor-ahora-singles","status":"publish","type":"page","link":"https:\/\/www.onalza.com\/index.php\/testimoniales-amor-ahora-singles\/","title":{"rendered":"Testimoniales Amor Ahora. Singles"},"content":{"rendered":"<p><img loading=\"lazy\" decoding=\"async\" class=\"size-thumbnail wp-image-768 alignleft\" src=\"https:\/\/www.onalza.com\/wp-content\/uploads\/2018\/12\/52a-150x150.jpg\" alt=\"\" width=\"150\" height=\"150\" srcset=\"https:\/\/www.onalza.com\/wp-content\/uploads\/2018\/12\/52a-150x150.jpg 150w, https:\/\/www.onalza.com\/wp-content\/uploads\/2018\/12\/52a-570x570.jpg 570w, https:\/\/www.onalza.com\/wp-content\/uploads\/2018\/12\/52a-300x300.jpg 300w, https:\/\/www.onalza.com\/wp-content\/uploads\/2018\/12\/52a-100x100.jpg 100w\" sizes=\"auto, (max-width: 150px) 100vw, 150px\" \/>Me cas\u00e9 con 22 a\u00f1os y me divorci\u00e9 al cumplir los 45 a\u00f1os. Durante 5 a\u00f1os fui incapaz plantearme una nueva relaci\u00f3n, pero al conocer a Luis en la conferencia \u00abEl c\u00f3digo de la Felicidad\u00bb me dije que deb\u00eda intentarlo y tras un proceso de coaching durante 4 meses conoc\u00ed a mi actual pareja. Solo puedo decir que jam\u00e1s he sido tan feliz como ahora. \u00a0 \u00a0 \u00a0 \u00a0 \u00a0 \u00a0 \u00a0 \u00a0 \u00a0 \u00a0 \u00a0 \u00a0 \u00a0 \u00a0 \u00a0 \u00a0 \u00a0 \u00a0 \u00a0 \u00a0 \u00a0 \u00a0 \u00a0 \u00a0 \u00a0 \u00a0 \u00a0 \u00a0 \u00a0 \u00a0 \u00a0 \u00a0 \u00a0 \u00a0 \u00a0 \u00a0 \u00a0 \u00a0 \u00a0 \u00a0 \u00a0 \u00a0 \u00a0 Vanesa Gandarilla, 52 a\u00f1os, Funcionaria<\/p>\n<p>&nbsp;<\/p>\n<p><img loading=\"lazy\" decoding=\"async\" class=\"size-thumbnail wp-image-769 alignleft\" src=\"https:\/\/www.onalza.com\/wp-content\/uploads\/2018\/12\/36-150x150.jpg\" alt=\"\" width=\"150\" height=\"150\" srcset=\"https:\/\/www.onalza.com\/wp-content\/uploads\/2018\/12\/36-150x150.jpg 150w, https:\/\/www.onalza.com\/wp-content\/uploads\/2018\/12\/36-300x300.jpg 300w, https:\/\/www.onalza.com\/wp-content\/uploads\/2018\/12\/36-100x100.jpg 100w\" sizes=\"auto, (max-width: 150px) 100vw, 150px\" \/>Tras un matrimonio fallido de 4 a\u00f1os y dos parejas con las que conviv\u00ed 3 y 6 a\u00f1os respectivamente. Jur\u00e9 que jam\u00e1s volver\u00eda\u00a0 a enamorarme, con Luis comprend\u00ed que no los problemas de convivencia no estaban en mis parejas sino en mi misma. Aprend\u00ed gestionar mis emociones y a utilizar mis energ\u00edas masculina y femenina seg\u00fan me demandaba mi pareja. Muchas gracias por todo lo que me has ense\u00f1ado. \u00a1Gracias! \u00a0 \u00a0 \u00a0 \u00a0 \u00a0 \u00a0 \u00a0 \u00a0 \u00a0 \u00a0 \u00a0 \u00a0 \u00a0 \u00a0 \u00a0 \u00a0 \u00a0 \u00a0 \u00a0 \u00a0 \u00a0 \u00a0 \u00a0 \u00a0 \u00a0 \u00a0 \u00a0 \u00a0 \u00a0 \u00a0 \u00a0 \u00a0 \u00a0 \u00a0 \u00a0 \u00a0 \u00a0 \u00a0 \u00a0 \u00a0 \u00a0 \u00a0 \u00a0 \u00a0 \u00a0 \u00a0 \u00a0 \u00a0 \u00a0 \u00a0 \u00a0 \u00a0 \u00a0 \u00a0 \u00a0\u00a0 Juana Arcos, 36 a\u00f1os. Aux. Administrativa<\/p>\n<p>&nbsp;<\/p>\n<p><img loading=\"lazy\" decoding=\"async\" class=\"size-thumbnail wp-image-770 alignleft\" src=\"https:\/\/www.onalza.com\/wp-content\/uploads\/2018\/12\/42-150x150.jpg\" alt=\"\" width=\"150\" height=\"150\" srcset=\"https:\/\/www.onalza.com\/wp-content\/uploads\/2018\/12\/42-150x150.jpg 150w, https:\/\/www.onalza.com\/wp-content\/uploads\/2018\/12\/42-100x100.jpg 100w\" sizes=\"auto, (max-width: 150px) 100vw, 150px\" \/>Desde peque\u00f1o siempre me avergonzaba delante de una mujer, al cumplir los 40 a\u00f1os decid\u00ed dar un cambio a mi vida y contrat\u00e9 a Luis Mendoza, y consigui\u00f3 que superase mis miedos y creencias sobre el amor. Ya he\u00a0 conseguido tener varias relaciones y estoy ahora en la busqueda, sin sufrir, del amor de mi vida. Gracias por tus ense\u00f1anzas. \u00a0 \u00a0 \u00a0 \u00a0 \u00a0 \u00a0 \u00a0 \u00a0 \u00a0 \u00a0 \u00a0 \u00a0 \u00a0 \u00a0 \u00a0 \u00a0 \u00a0 \u00a0 \u00a0 \u00a0 \u00a0 \u00a0 \u00a0 \u00a0 \u00a0 \u00a0 \u00a0 \u00a0 \u00a0 \u00a0 \u00a0 \u00a0 \u00a0 \u00a0 \u00a0 \u00a0 \u00a0 \u00a0 \u00a0 \u00a0 \u00a0 \u00a0 \u00a0 \u00a0 \u00a0 \u00a0 \u00a0 \u00a0 \u00a0 Juan Paredes, 42 a\u00f1os, Inform\u00e1tico<\/p>\n","protected":false},"excerpt":{"rendered":"<p>Me cas\u00e9 con 22 a\u00f1os y me divorci\u00e9 al cumplir los 45 a\u00f1os. Durante 5 a\u00f1os fui incapaz plantearme una nueva relaci\u00f3n, pero al conocer a Luis en la conferencia \u00abEl c\u00f3digo de la Felicidad\u00bb me dije que deb\u00eda intentarlo [&hellip;]<\/p>\n","protected":false},"author":2,"featured_media":0,"parent":0,"menu_order":0,"comment_status":"closed","ping_status":"closed","template":"","meta":{"footnotes":""},"class_list":["post-679","page","type-page","status-publish","hentry"],"_links":{"self":[{"href":"https:\/\/www.onalza.com\/index.php\/wp-json\/wp\/v2\/pages\/679","targetHints":{"allow":["GET"]}}],"collection":[{"href":"https:\/\/www.onalza.com\/index.php\/wp-json\/wp\/v2\/pages"}],"about":[{"href":"https:\/\/www.onalza.com\/index.php\/wp-json\/wp\/v2\/types\/page"}],"author":[{"embeddable":true,"href":"https:\/\/www.onalza.com\/index.php\/wp-json\/wp\/v2\/users\/2"}],"replies":[{"embeddable":true,"href":"https:\/\/www.onalza.com\/index.php\/wp-json\/wp\/v2\/comments?post=679"}],"version-history":[{"count":4,"href":"https:\/\/www.onalza.com\/index.php\/wp-json\/wp\/v2\/pages\/679\/revisions"}],"predecessor-version":[{"id":771,"href":"https:\/\/www.onalza.com\/index.php\/wp-json\/wp\/v2\/pages\/679\/revisions\/771"}],"wp:attachment":[{"href":"https:\/\/www.onalza.com\/index.php\/wp-json\/wp\/v2\/media?parent=679"}],"curies":[{"name":"wp","href":"https:\/\/api.w.org\/{rel}","templated":true}]}}