{"id":719,"date":"2018-11-30T18:34:26","date_gmt":"2018-11-30T17:34:26","guid":{"rendered":"https:\/\/www.onalza.com\/?page_id=719"},"modified":"2018-12-01T10:03:15","modified_gmt":"2018-12-01T09:03:15","slug":"amor-ahora","status":"publish","type":"page","link":"https:\/\/www.onalza.com\/index.php\/amor-ahora\/","title":{"rendered":"Amor Ahora"},"content":{"rendered":"<p><strong> <img loading=\"lazy\" decoding=\"async\" class=\"size-thumbnail wp-image-730 alignleft\" src=\"https:\/\/www.onalza.com\/wp-content\/uploads\/2018\/11\/logo-150x150.png\" alt=\"\" width=\"150\" height=\"150\" srcset=\"https:\/\/www.onalza.com\/wp-content\/uploads\/2018\/11\/logo-150x150.png 150w, https:\/\/www.onalza.com\/wp-content\/uploads\/2018\/11\/logo-300x300.png 300w, https:\/\/www.onalza.com\/wp-content\/uploads\/2018\/11\/logo-100x100.png 100w, https:\/\/www.onalza.com\/wp-content\/uploads\/2018\/11\/logo.png 500w\" sizes=\"auto, (max-width: 150px) 100vw, 150px\" \/>El amor mueve tu vida<\/strong><br \/>\nEs evidente que el <strong>amor<\/strong> es el que mueve la vida de todas las personas. Y darle la espalda por una mala experiencia es un error tremendo que tal vez pagues durante muchos a\u00f1os y que puede hacer desgraciadas a las personas.<br \/>\nNunca des la espalda al amor. D\u00e9jalo fluir por todos los poros de tu cuerpo. D\u00e9jale que insufle vida en tu cuerpo cansado. D\u00e9jalo que te haga vibrar, sufrir, sentir, gozar\u2026 D\u00e9jalo correr, porque \u00e9l y solo \u00e9l da sentido a tu existencia. Aprovecha cada d\u00eda de tu vida como si fuera el \u00faltimo, y ama con todas tus fuerzas, pues solo as\u00ed conseguir\u00e1s ser feliz y dar sentido a todo cuanto te rodea.<br \/>\nRecuerda que siempre hay una persona que te desea, te corresponde, te espera\u2026 Un ser que tiene la misma necesidad de amar que t\u00fa sientes, y sabe que hasta que no llegues t\u00fa, no se sentir\u00e1 pleno, completo y realizado.<\/p>\n<p>Por esto creamos el M\u00e9todo de Coaching<strong> AMOR AHORA<\/strong> para <strong>Parejas<\/strong> y para <strong>Singles<\/strong>, porque t\u00fa mereces vivir una vida de <strong>Amor<\/strong> Total y mereces vivirla <strong>Ahora.<\/strong><\/p>\n","protected":false},"excerpt":{"rendered":"<p>El amor mueve tu vida Es evidente que el amor es el que mueve la vida de todas las personas. Y darle la espalda por una mala experiencia es un error tremendo que tal vez pagues durante muchos a\u00f1os y [&hellip;]<\/p>\n","protected":false},"author":2,"featured_media":0,"parent":0,"menu_order":0,"comment_status":"closed","ping_status":"closed","template":"","meta":{"footnotes":""},"class_list":["post-719","page","type-page","status-publish","hentry"],"_links":{"self":[{"href":"https:\/\/www.onalza.com\/index.php\/wp-json\/wp\/v2\/pages\/719","targetHints":{"allow":["GET"]}}],"collection":[{"href":"https:\/\/www.onalza.com\/index.php\/wp-json\/wp\/v2\/pages"}],"about":[{"href":"https:\/\/www.onalza.com\/index.php\/wp-json\/wp\/v2\/types\/page"}],"author":[{"embeddable":true,"href":"https:\/\/www.onalza.com\/index.php\/wp-json\/wp\/v2\/users\/2"}],"replies":[{"embeddable":true,"href":"https:\/\/www.onalza.com\/index.php\/wp-json\/wp\/v2\/comments?post=719"}],"version-history":[{"count":6,"href":"https:\/\/www.onalza.com\/index.php\/wp-json\/wp\/v2\/pages\/719\/revisions"}],"predecessor-version":[{"id":761,"href":"https:\/\/www.onalza.com\/index.php\/wp-json\/wp\/v2\/pages\/719\/revisions\/761"}],"wp:attachment":[{"href":"https:\/\/www.onalza.com\/index.php\/wp-json\/wp\/v2\/media?parent=719"}],"curies":[{"name":"wp","href":"https:\/\/api.w.org\/{rel}","templated":true}]}}