{"id":73,"date":"2018-02-27T12:43:46","date_gmt":"2018-02-27T12:43:46","guid":{"rendered":"http:\/\/www.onalza.com\/?page_id=73"},"modified":"2018-11-23T15:18:44","modified_gmt":"2018-11-23T15:18:44","slug":"contacta-con-nosotros","status":"publish","type":"page","link":"https:\/\/www.onalza.com\/index.php\/contacta-con-nosotros\/","title":{"rendered":"Contacta con nosotros"},"content":{"rendered":"<p><strong><img loading=\"lazy\" decoding=\"async\" class=\"wp-image-173 size-thumbnail alignleft\" src=\"http:\/\/www.onalza.com\/wp-content\/uploads\/2018\/03\/contacta-150x129.png\" alt=\"\" width=\"150\" height=\"129\" \/>SELECCI\u00d3N:<\/strong> Para pedir informaci\u00f3n o contratar un proceso de <strong>Selecci\u00f3n<\/strong> puedes contactar con Jorge Lopez 952614626 <a href=\"mailto:jorge.lopez@onalza.com\">jorge.lopez@onalza.com<\/a><\/p>\n<p><strong>CONFERENCIAS o SEMINARIOS:<\/strong> Para\u00a0pedir informaci\u00f3n o contratar una <strong>Conferencia<\/strong> o <strong>Seminario<\/strong> puedes contactar con Cristina Garc\u00eda 610 865 998 <a href=\"mailto:cristina.garcia@onalza.com\">cristina.garcia@onalza.com<\/a><\/p>\n<p><strong>COACHING:<\/strong> Para\u00a0pedir informaci\u00f3n o contratar un proceso de <strong>Coaching<\/strong> puedes contactar con Luis Mendoza 649 380 167 <a href=\"mailto:luis.mendoza@onalza.com\">luis.mendoza@onalza.com<\/a><\/p>\n<p><strong>METODO SCHINDLER:<\/strong> Para\u00a0pedir informaci\u00f3n o contratar el M\u00e9todo Schindler\u00a0puedes contactar con Luis Mendoza 649 380 167 <a href=\"mailto:luis.mendoza@onalza.com\">luis.mendoza@onalza.com\u00a0<\/a><\/p>\n<p><strong>AMOR AHORA:<\/strong>\u00a0Para pedir informaci\u00f3n o contratar Amor Ahora puedes contactar con Luis Mendoza 649 380 167\u00a0 luis.mendoza@onalza.com<\/p>\n<p>&nbsp;<\/p>\n<p>&nbsp;<\/p>\n","protected":false},"excerpt":{"rendered":"<p>SELECCI\u00d3N: Para pedir informaci\u00f3n o contratar un proceso de Selecci\u00f3n puedes contactar con Jorge Lopez 952614626 jorge.lopez@onalza.com CONFERENCIAS o SEMINARIOS: Para\u00a0pedir informaci\u00f3n o contratar una Conferencia o Seminario puedes contactar con Cristina Garc\u00eda 610 865 998 cristina.garcia@onalza.com COACHING: Para\u00a0pedir informaci\u00f3n [&hellip;]<\/p>\n","protected":false},"author":2,"featured_media":0,"parent":0,"menu_order":0,"comment_status":"closed","ping_status":"closed","template":"","meta":{"footnotes":""},"class_list":["post-73","page","type-page","status-publish","hentry"],"_links":{"self":[{"href":"https:\/\/www.onalza.com\/index.php\/wp-json\/wp\/v2\/pages\/73","targetHints":{"allow":["GET"]}}],"collection":[{"href":"https:\/\/www.onalza.com\/index.php\/wp-json\/wp\/v2\/pages"}],"about":[{"href":"https:\/\/www.onalza.com\/index.php\/wp-json\/wp\/v2\/types\/page"}],"author":[{"embeddable":true,"href":"https:\/\/www.onalza.com\/index.php\/wp-json\/wp\/v2\/users\/2"}],"replies":[{"embeddable":true,"href":"https:\/\/www.onalza.com\/index.php\/wp-json\/wp\/v2\/comments?post=73"}],"version-history":[{"count":12,"href":"https:\/\/www.onalza.com\/index.php\/wp-json\/wp\/v2\/pages\/73\/revisions"}],"predecessor-version":[{"id":711,"href":"https:\/\/www.onalza.com\/index.php\/wp-json\/wp\/v2\/pages\/73\/revisions\/711"}],"wp:attachment":[{"href":"https:\/\/www.onalza.com\/index.php\/wp-json\/wp\/v2\/media?parent=73"}],"curies":[{"name":"wp","href":"https:\/\/api.w.org\/{rel}","templated":true}]}}