{"id":78,"date":"2018-02-27T09:49:20","date_gmt":"2018-02-27T09:49:20","guid":{"rendered":"http:\/\/www.onalza.com\/?page_id=78"},"modified":"2020-03-17T09:15:40","modified_gmt":"2020-03-17T08:15:40","slug":"dejar-de-fumar-con-el-metodo-schindler","status":"publish","type":"page","link":"https:\/\/www.onalza.com\/index.php\/dejar-de-fumar-con-el-metodo-schindler\/","title":{"rendered":"Dejar de fumar con el \u00abMETODO SCHINDLER\u00bb"},"content":{"rendered":"<p><img loading=\"lazy\" decoding=\"async\" class=\"alignleft wp-image-170 size-thumbnail\" src=\"http:\/\/www.onalza.com\/wp-content\/uploads\/2018\/03\/schindler-150x150.jpg\" alt=\"\" width=\"150\" height=\"150\" srcset=\"https:\/\/www.onalza.com\/wp-content\/uploads\/2018\/03\/schindler-150x150.jpg 150w, https:\/\/www.onalza.com\/wp-content\/uploads\/2018\/03\/schindler-300x300.jpg 300w, https:\/\/www.onalza.com\/wp-content\/uploads\/2018\/03\/schindler-100x100.jpg 100w, https:\/\/www.onalza.com\/wp-content\/uploads\/2018\/03\/schindler.jpg 500w\" sizes=\"auto, (max-width: 150px) 100vw, 150px\" \/>Mi <strong>M\u00c9TODO SCHINDLER<\/strong> para dejar de fumar se basa en alinear tu cerebro consciente con tu cerebro subconsciente, mediante T\u00e9cnicas de <strong>COACHING<\/strong>.<br \/>\nTodos los prop\u00f3sitos que hacemos en la vida, incluido querer dejar de fumar, lo hacemos por dos motivos: por la b\u00fasqueda de <em>PLACER<\/em> o por evitar el <em>DOLOR.<\/em><br \/>\nDejaremos de fumar cuando las consecuencias de seguir fumando sean peores a las de dejar de fumar, o cuando los beneficios de dejar de fumar sean mejores que seguir fumando, entonces nos pondremos en <strong>ACCI\u00d3N<\/strong>.<\/p>\n<p>En mi programa M\u00c9TODO SCHINDLER activamos tus mecanismos mentales, emocionales y fisiol\u00f3gicos necesarios, para se activen tus <em>CREENCIAS<\/em> para dejar de fumar.<br \/>\nUna Creencia es el significado que le damos a las cosas, es un pensamiento anclado a una emoci\u00f3n.<br \/>\nLo que asocies a una acci\u00f3n, determinar\u00e1 la emoci\u00f3n, esta determinar\u00e1 tu ejecuci\u00f3n y esta acci\u00f3n determinar\u00e1 como ser\u00e1 tu <em>VIDA<\/em>.<br \/>\nCon mi programa <strong>M\u00c9TODO SCHINDLER<\/strong> podr\u00e1s asociar las emociones necesarias para llevarte a la acci\u00f3n de<em> NO FUMAR<\/em>.<br \/>\nCuando hayas conseguido lo que te propongo, podr\u00e1s disfrutar al 100% sin fumar un solo cigarrillo. El <strong>M\u00c9TODO SCHINDLER<\/strong> es un <strong><em>m\u00e9todo probado, sencillo y garantizado<\/em><\/strong>.<\/p>\n<p>Durante 3 horas vamos a alinear tus creencias con tus emociones mediante din\u00e1micas de grupo, videos y ejercicios pr\u00e1cticos.<br \/>\nVivir\u00e1s, con toda seguridad, 3 horas de <strong>ALTO IMPACTO EMOCIONA<\/strong>L que va a ser un punto de inflexi\u00f3n en tu vida. El programa <strong>M\u00c9TODO SCHINDLER<\/strong> tiene un <strong>precio de 200\u20ac<\/strong> y si contratas a trav\u00e9s de la web\u00a0 tienes un descuento y solo tienes que <strong>invertir 57\u20ac<\/strong>. .<div class='wpecpp-container wpecpp-align-left'><form class='wpecpp-form' target='_blank' id=r657b8f36177d25099a4cc0e701623900 action='https:\/\/www.paypal.com\/cgi-bin\/webscr' method='post'><input type='hidden' name='cmd' value='_xclick' \/><input type='hidden' name='business' value='luis.mendoza@onalza.com' \/><input type='hidden' name='currency_code' value='EUR' \/><input type='hidden' name='lc' value='es_ES'><input type='hidden' name='no_note' value=''><input type='hidden' name='paymentaction' value='sale'><input type='hidden' name='return' value='https:\/\/www.onalza.com\/index.php\/gracias' \/><input type='hidden' name='bn' value='WPPlugin_SP'><input type='hidden' name='cancel_return' value='https:\/\/www.onalza.com\/index.php\/pedido-cancelado' \/><input style='border: none;' class='paypalbuttonimage' type='image' src='https:\/\/www.paypalobjects.com\/es_ES\/ES\/i\/btn\/btn_buynowCC_LG.gif' border='0' name='submit' alt='Make your payments with PayPal. It is free, secure, effective.' \/><img alt='' border='0' style='border:none;display:none;' src='https:\/\/www.paypal.com\/es_ES\/i\/scr\/pixel.gif' width='1' height='1' \/><input type='hidden' name='item_name' value='M\u00e9todo Schindler' \/><input type='hidden' name='amount' value='57' \/><\/form><\/div><\/p>\n<p>&nbsp;<\/p>\n<p>Env\u00edale el link de esta pagina a las personas fumadoras de tu entorno social y dales la oportunidad que puedan cambiar su destino de enfermedades provocadas por el tabaquismo, les har\u00e1s un favor.<\/p>\n<p>Tambi\u00e9n puedes contratar o solicitar informaci\u00f3n a Luis Mendoza 649 380 167 o <a href=\"mailto:luis.mendoza@onalza.com\">luis.mendoza@onalza.com<\/a><\/p>\n<h2>LA<strong> MEJOR<\/strong> DECISI\u00d3N QUE PUEDES TOMAR ES DEJAR DE FUMAR<\/h2>\n","protected":false},"excerpt":{"rendered":"<p>Mi M\u00c9TODO SCHINDLER para dejar de fumar se basa en alinear tu cerebro consciente con tu cerebro subconsciente, mediante T\u00e9cnicas de COACHING. Todos los prop\u00f3sitos que hacemos en la vida, incluido querer dejar de fumar, lo hacemos por dos motivos: [&hellip;]<\/p>\n","protected":false},"author":2,"featured_media":0,"parent":0,"menu_order":0,"comment_status":"closed","ping_status":"closed","template":"","meta":{"footnotes":""},"class_list":["post-78","page","type-page","status-publish","hentry"],"_links":{"self":[{"href":"https:\/\/www.onalza.com\/index.php\/wp-json\/wp\/v2\/pages\/78","targetHints":{"allow":["GET"]}}],"collection":[{"href":"https:\/\/www.onalza.com\/index.php\/wp-json\/wp\/v2\/pages"}],"about":[{"href":"https:\/\/www.onalza.com\/index.php\/wp-json\/wp\/v2\/types\/page"}],"author":[{"embeddable":true,"href":"https:\/\/www.onalza.com\/index.php\/wp-json\/wp\/v2\/users\/2"}],"replies":[{"embeddable":true,"href":"https:\/\/www.onalza.com\/index.php\/wp-json\/wp\/v2\/comments?post=78"}],"version-history":[{"count":33,"href":"https:\/\/www.onalza.com\/index.php\/wp-json\/wp\/v2\/pages\/78\/revisions"}],"predecessor-version":[{"id":6328,"href":"https:\/\/www.onalza.com\/index.php\/wp-json\/wp\/v2\/pages\/78\/revisions\/6328"}],"wp:attachment":[{"href":"https:\/\/www.onalza.com\/index.php\/wp-json\/wp\/v2\/media?parent=78"}],"curies":[{"name":"wp","href":"https:\/\/api.w.org\/{rel}","templated":true}]}}