{"id":82,"date":"2018-02-27T12:42:31","date_gmt":"2018-02-27T12:42:31","guid":{"rendered":"http:\/\/www.onalza.com\/?page_id=82"},"modified":"2018-04-14T08:08:08","modified_gmt":"2018-04-14T08:08:08","slug":"coaching","status":"publish","type":"page","link":"https:\/\/www.onalza.com\/index.php\/coaching\/","title":{"rendered":"Coaching"},"content":{"rendered":"<p><strong><img loading=\"lazy\" decoding=\"async\" class=\"alignleft wp-image-374 size-thumbnail\" src=\"http:\/\/www.onalza.com\/wp-content\/uploads\/2018\/03\/logo-150x150.png\" alt=\"\" width=\"150\" height=\"150\" srcset=\"https:\/\/www.onalza.com\/wp-content\/uploads\/2018\/03\/logo-150x150.png 150w, https:\/\/www.onalza.com\/wp-content\/uploads\/2018\/03\/logo-300x300.png 300w, https:\/\/www.onalza.com\/wp-content\/uploads\/2018\/03\/logo-100x100.png 100w, https:\/\/www.onalza.com\/wp-content\/uploads\/2018\/03\/logo.png 500w\" sizes=\"auto, (max-width: 150px) 100vw, 150px\" \/>Unas palabras de Advertencia<\/strong><\/p>\n<p>Antes de que sigas leyendo debo advertirte de una cosa. He aqu\u00ed una lista de cosas que pueden salirte \u00abmal\u00bb si decides que yo sea tu <strong>COACH<\/strong> personal:<\/p>\n<p>&nbsp;<\/p>\n<p>&nbsp;<\/p>\n<ul>\n<li>Puede que decidas criar a tus hijos seg\u00fan creencias diferentes<\/li>\n<li>Podr\u00edas optar por cuestionar tu actual sistema de creencias.<\/li>\n<li>Quiz\u00e1s reconsideres tu carrera profesional.<\/li>\n<li>Puedes llegar a obsesionarte con la idea de ser feliz.<\/li>\n<li>Tal vez decidas perdonar a alguien que te hiri\u00f3 en el pasado.<\/li>\n<li>Es posible que deseches tu actual lista de metas y comiences de nuevo.<\/li>\n<li>Puedes que te desenamores de alguien y te enamores de ti mismo.<\/li>\n<li>Cabe la posibilidad de que decidas dejar tu carrera y emprender un negocio.<\/li>\n<\/ul>\n<p><strong>\u00bfPor qu\u00e9 trabajar con un coach?<\/strong><br \/>\nTodos queremos progresar en la vida. Ya sea en nuestras finanzas, en nuestra salud o en nuestras relaciones \u00edntimas porque la felicidad es igual al progreso.<\/p>\n<ul>\n<li><strong>Hay 3 factores por los cuales nos estancamos en la vida:<\/strong><br \/>\n* Falta de visi\u00f3n y claridad<br \/>\n* Estrategias deficientes<br \/>\n* Conflictos internos<\/li>\n<\/ul>\n<p>Un coach es una persona que te acompa\u00f1a en el proceso de darte claridad donde realmente est\u00e1s, descubrir realmente donde quieres estar y desarrollar habilidades y mentalidad necesaria para alcanzarlo.<br \/>\nTe ayuda a buscar la mejor estrategia para ti pero sobre todo a descubrir tus conflictos internos y alinearlos hacia el objetivo deseado.<\/p>\n<p>El factor clave a la hora de alcanzar una meta es estar alineado \u00edntegramente con el objetivo y eso quiere decir que lo que piensas, lo que dices y lo que haces consistentemente est\u00e1n en harmon\u00eda y coherencia.<br \/>\nA lo largo de nuestra vida nos hemos ido formando a base de creencias, valores, reglas y estados emocionales que influyen en lo m\u00e1s importante de nuestra vida.<\/p>\n<p><strong>NUESTRAS DECISIONES<\/strong><br \/>\nSi tus decisiones son correctas y alineadas al objetivo entonces avanzar\u00e1s r\u00e1pidamente. Por el contrario si algunas decisiones est\u00e1n alineadas con tus objetivos pero otras no, entonces lo que pasar\u00e1 es que unas veces avanzar\u00e1s y otras retroceder\u00e1s.<\/p>\n<p>Descubrir qu\u00e9 partes de ti no est\u00e1n alineadas con la vida que deseas, cambiarlas, mejorar las decisiones y construir h\u00e1bitos coherentes es la funci\u00f3n de un coach.<\/p>\n<p>Si hace tiempo que est\u00e1s sufriendo por alcanzar una meta y a\u00fan no lo has conseguido entonces el coaching es el m\u00e9todo m\u00e1s efectivo para transformar tu identidad y convertirte en la persona que sea capaz de lograr las metas que te propones.<\/p>\n<p>En mis procesos de <strong>COACHING<\/strong> tenemos una ratio de <strong>\u00e9xito del 80%<\/strong>. Esto es el 80% de las personas que acuden a verme alcanzan sus metas o superan sus dificultades para la que me contrataron y autoevalu\u00e1ndose al final del proceso refieren una mejora en su mundo emocional de , al menos un 8 sobre 10. Es decir se sienten muy felices y satisfechas\u00a0 con su vida (donde 0 es como llegaron a la primera sesi\u00f3n de Coaching y 10, el mejor estado posible.<\/p>\n<p><span style=\"color: #0000ff;\">Te vamos a regalar la primera sesi\u00f3n de Coaching ll\u00e1mame al 649 380 167 o env\u00edame un mail a <a href=\"mailto:luis.mendoza@onalza.com\">luis.mendoza@onalza.com<\/a><\/span><\/p>\n<p><strong>COMO EVOLUCIONAS DURANTE EL PROCESO<\/strong><\/p>\n<p>Mi cliente, desde que empieza el proceso de Coaching hasta que termina pasa por 4 niveles de crecimiento.<\/p>\n<p><strong>Nivel 1. Aceptaci\u00f3n:<\/strong> Aceptas que estas viviendo bajo unas reglas dictadas por la sociedad, la familia o el trabajo pero no fueron decididas por ti. Estas reglas influyen en la persona que eres. Empiezas a reconocer estas reglas a identificarlas y evitarlas y empiezas a progresar hacia el siguiente nivel.<\/p>\n<p><strong>Nivel 2. El Despertar:<\/strong> Aprendes que puedes elegir el mundo en el que quieres vivir. La vida te ocurre como t\u00fa eliges. Aprendes a deshacerte de malas reglas de vida y adoptas las nuevas elegidas por ti. Empiezas a darte cuenta que tienes la capacidad de pensar y hacer a lo grande y de controlar tu propia FELICIDAD. Vas encaminado al siguiente nivel.<\/p>\n<p><strong>Nivel 3. Reprogramaci\u00f3n:<\/strong> Conectas con tu mundo interior y aprendes que la felicidad en el momento presente, combinada con una visi\u00f3n de futuro te sit\u00faa en el estado perfecto para conseguir tus metas.\u00a0 Te das cuenta que puedes cambiar tu mundo interior e influir de esta manera en el mundo exterior.\u00a0 Existe una sensaci\u00f3n de oportunidades ilimitadas. Te encaminas al \u00faltimo nivel.<\/p>\n<p><strong>Nivel 4. Conversi\u00f3n a Extraordinario:<\/strong> Conf\u00edas en tus habilidades. Eres inalterable. Empiezas a cambiar el mundo\u00a0 para contribuir al crecimiento de las personas que te rodean. Decides que tienes un prop\u00f3sito mayor y optas por influir de manera positiva en el mundo de los dem\u00e1s. La vida ocurre seg\u00fan tus decisiones, alcanzas tu MISION.<\/p>\n<p><strong>El proceso de Coaching resumido es<\/strong>:<\/p>\n<p>En un principio la vida TE ocurre<\/p>\n<p>Despu\u00e9s la vida ocurre como t\u00fa ELIGES<\/p>\n<p>Luego la vida ocurre DESDE ti<\/p>\n<p>Despu\u00e9s la vida ocurre POR MEDIO de ti<\/p>\n<h2>\u00a1Es momento de mejorar tu vida! \u00a1Atrevete a ser quien quieres ser!<\/h2>\n<div class='wpecpp-container wpecpp-align-center'><form class='wpecpp-form' target='_blank' id=r576b528f053551c24740bff1bf6a6bbe action='https:\/\/www.paypal.com\/cgi-bin\/webscr' method='post'><input type='hidden' name='cmd' value='_xclick' \/><input type='hidden' name='business' value='luis.mendoza@onalza.com' \/><input type='hidden' name='currency_code' value='EUR' \/><input type='hidden' name='lc' value='es_ES'><input type='hidden' name='no_note' value=''><input type='hidden' name='paymentaction' value='sale'><input type='hidden' name='return' value='https:\/\/www.onalza.com\/index.php\/gracias' \/><input type='hidden' name='bn' value='WPPlugin_SP'><input type='hidden' name='cancel_return' value='https:\/\/www.onalza.com\/index.php\/pedido-cancelado' \/><input style='border: none;' class='paypalbuttonimage' type='image' src='https:\/\/www.paypalobjects.com\/es_ES\/ES\/i\/btn\/btn_buynowCC_LG.gif' border='0' name='submit' alt='Make your payments with PayPal. It is free, secure, effective.' \/><img alt='' border='0' style='border:none;display:none;' src='https:\/\/www.paypal.com\/es_ES\/i\/scr\/pixel.gif' width='1' height='1' \/><input type='hidden' name='item_name' value='Circuito 600' \/><input type='hidden' name='amount' value='600' \/><\/form><\/div>\n","protected":false},"excerpt":{"rendered":"<p>Unas palabras de Advertencia Antes de que sigas leyendo debo advertirte de una cosa. He aqu\u00ed una lista de cosas que pueden salirte \u00abmal\u00bb si decides que yo sea tu COACH personal: &nbsp; &nbsp; Puede que decidas criar a tus [&hellip;]<\/p>\n","protected":false},"author":2,"featured_media":0,"parent":0,"menu_order":0,"comment_status":"closed","ping_status":"closed","template":"","meta":{"footnotes":""},"class_list":["post-82","page","type-page","status-publish","hentry"],"_links":{"self":[{"href":"https:\/\/www.onalza.com\/index.php\/wp-json\/wp\/v2\/pages\/82","targetHints":{"allow":["GET"]}}],"collection":[{"href":"https:\/\/www.onalza.com\/index.php\/wp-json\/wp\/v2\/pages"}],"about":[{"href":"https:\/\/www.onalza.com\/index.php\/wp-json\/wp\/v2\/types\/page"}],"author":[{"embeddable":true,"href":"https:\/\/www.onalza.com\/index.php\/wp-json\/wp\/v2\/users\/2"}],"replies":[{"embeddable":true,"href":"https:\/\/www.onalza.com\/index.php\/wp-json\/wp\/v2\/comments?post=82"}],"version-history":[{"count":22,"href":"https:\/\/www.onalza.com\/index.php\/wp-json\/wp\/v2\/pages\/82\/revisions"}],"predecessor-version":[{"id":522,"href":"https:\/\/www.onalza.com\/index.php\/wp-json\/wp\/v2\/pages\/82\/revisions\/522"}],"wp:attachment":[{"href":"https:\/\/www.onalza.com\/index.php\/wp-json\/wp\/v2\/media?parent=82"}],"curies":[{"name":"wp","href":"https:\/\/api.w.org\/{rel}","templated":true}]}}